{"id":10,"date":"2020-10-12T15:16:53","date_gmt":"2020-10-12T12:16:53","guid":{"rendered":"http:\/\/fayqqoz.cluster030.hosting.ovh.net\/?page_id=10"},"modified":"2026-03-21T16:43:18","modified_gmt":"2026-03-21T14:43:18","slug":"etusivu","status":"publish","type":"page","link":"https:\/\/www.kiihtelyksenkylayhdistys.fi\/","title":{"rendered":"Etusivu"},"content":{"rendered":"\t\t<div data-elementor-type=\"wp-page\" data-elementor-id=\"10\" class=\"elementor elementor-10\" data-elementor-settings=\"[]\">\n\t\t\t\t\t\t<div class=\"elementor-inner\">\n\t\t\t\t\t\t\t<div class=\"elementor-section-wrap\">\n\t\t\t\t\t\t\t<section class=\"elementor-section elementor-top-section elementor-element elementor-element-7673d186 elementor-section-height-min-height elementor-section-boxed elementor-section-height-default elementor-section-items-middle\" data-id=\"7673d186\" data-element_type=\"section\" data-settings=\"{&quot;background_background&quot;:&quot;classic&quot;}\">\n\t\t\t\t\t\t\t<div class=\"elementor-background-overlay\"><\/div>\n\t\t\t\t\t\t\t<div class=\"elementor-container elementor-column-gap-default\">\n\t\t\t\t\t\t\t<div class=\"elementor-row\">\n\t\t\t\t\t<div class=\"elementor-column elementor-col-100 elementor-top-column elementor-element elementor-element-37c3cd9d\" data-id=\"37c3cd9d\" data-element_type=\"column\">\n\t\t\t<div class=\"elementor-column-wrap elementor-element-populated\">\n\t\t\t\t\t\t\t<div class=\"elementor-widget-wrap\">\n\t\t\t\t\t\t<div class=\"elementor-element elementor-element-4160426b elementor-widget elementor-widget-heading\" data-id=\"4160426b\" data-element_type=\"widget\" data-widget_type=\"heading.default\">\n\t\t\t\t<div class=\"elementor-widget-container\">\n\t\t\t<h2 class=\"elementor-heading-title elementor-size-large\"><br>Kiihtelyksen kyl\u00e4yhdistys ry<br><\/h2>\t\t<\/div>\n\t\t\t\t<\/div>\n\t\t\t\t<div class=\"elementor-element elementor-element-391c6d76 elementor-widget-divider--view-line elementor-widget elementor-widget-divider\" data-id=\"391c6d76\" data-element_type=\"widget\" data-widget_type=\"divider.default\">\n\t\t\t\t<div class=\"elementor-widget-container\">\n\t\t\t\t\t<div class=\"elementor-divider\">\n\t\t\t<span class=\"elementor-divider-separator\">\n\t\t\t\t\t\t<\/span>\n\t\t<\/div>\n\t\t\t\t<\/div>\n\t\t\t\t<\/div>\n\t\t\t\t<div class=\"elementor-element elementor-element-2019b5f8 elementor-widget elementor-widget-heading\" data-id=\"2019b5f8\" data-element_type=\"widget\" data-widget_type=\"heading.default\">\n\t\t\t\t<div class=\"elementor-widget-container\">\n\t\t\t<p class=\"elementor-heading-title elementor-size-medium\">Hyv\u00e4\u00e4 vuotta 2025 pit\u00e4j\u00e4l\u00e4isille ja vieraillemme! Seuratkaa Kiihtelyksen kyl\u00e4yhdistyksen sivuja edelleen!\nEevin kiitokset 14 vuoden yhteisty\u00f6st\u00e4 kyl\u00e4yhdistyksess\u00e4! \n<\/p>\t\t<\/div>\n\t\t\t\t<\/div>\n\t\t\t\t\t\t<\/div>\n\t\t\t\t\t<\/div>\n\t\t<\/div>\n\t\t\t\t\t\t\t\t<\/div>\n\t\t\t\t\t<\/div>\n\t\t<\/section>\n\t\t\t\t<section class=\"elementor-section elementor-top-section elementor-element elementor-element-8257667 elementor-section-boxed elementor-section-height-default elementor-section-height-default\" data-id=\"8257667\" data-element_type=\"section\">\n\t\t\t\t\t\t<div class=\"elementor-container elementor-column-gap-default\">\n\t\t\t\t\t\t\t<div class=\"elementor-row\">\n\t\t\t\t\t<div class=\"elementor-column elementor-col-100 elementor-top-column elementor-element elementor-element-d7118cb\" data-id=\"d7118cb\" data-element_type=\"column\">\n\t\t\t<div class=\"elementor-column-wrap elementor-element-populated\">\n\t\t\t\t\t\t\t<div class=\"elementor-widget-wrap\">\n\t\t\t\t\t\t<section class=\"elementor-section elementor-inner-section elementor-element elementor-element-4566822 elementor-section-boxed elementor-section-height-default elementor-section-height-default\" data-id=\"4566822\" data-element_type=\"section\">\n\t\t\t\t\t\t<div class=\"elementor-container elementor-column-gap-default\">\n\t\t\t\t\t\t\t<div class=\"elementor-row\">\n\t\t\t\t\t<div class=\"elementor-column elementor-col-33 elementor-inner-column elementor-element elementor-element-c3c60a1\" data-id=\"c3c60a1\" data-element_type=\"column\">\n\t\t\t<div class=\"elementor-column-wrap elementor-element-populated\">\n\t\t\t\t\t\t\t<div class=\"elementor-widget-wrap\">\n\t\t\t\t\t\t<div class=\"elementor-element elementor-element-2a23219 elementor-widget elementor-widget-image\" data-id=\"2a23219\" data-element_type=\"widget\" data-widget_type=\"image.default\">\n\t\t\t\t<div class=\"elementor-widget-container\">\n\t\t\t\t\t<div class=\"elementor-image\">\n\t\t\t\t\t\t\t\t\t\t<img width=\"586\" height=\"715\" src=\"https:\/\/www.kiihtelyksenkylayhdistys.fi\/wp-content\/uploads\/2020\/12\/orava2-2.jpg\" class=\"attachment-large size-large\" alt=\"\" loading=\"lazy\" srcset=\"https:\/\/www.kiihtelyksenkylayhdistys.fi\/wp-content\/uploads\/2020\/12\/orava2-2.jpg 586w, https:\/\/www.kiihtelyksenkylayhdistys.fi\/wp-content\/uploads\/2020\/12\/orava2-2-246x300.jpg 246w\" sizes=\"(max-width: 586px) 100vw, 586px\" \/>\t\t\t\t\t\t\t\t\t\t\t<\/div>\n\t\t\t\t<\/div>\n\t\t\t\t<\/div>\n\t\t\t\t\t\t<\/div>\n\t\t\t\t\t<\/div>\n\t\t<\/div>\n\t\t\t\t<div class=\"elementor-column elementor-col-33 elementor-inner-column elementor-element elementor-element-8e1f195\" data-id=\"8e1f195\" data-element_type=\"column\">\n\t\t\t<div class=\"elementor-column-wrap elementor-element-populated\">\n\t\t\t\t\t\t\t<div class=\"elementor-widget-wrap\">\n\t\t\t\t\t\t<div class=\"elementor-element elementor-element-4ce0a9c elementor-widget elementor-widget-text-editor\" data-id=\"4ce0a9c\" data-element_type=\"widget\" data-widget_type=\"text-editor.default\">\n\t\t\t\t<div class=\"elementor-widget-container\">\n\t\t\t\t\t<div class=\"elementor-text-editor elementor-clearfix\"><h6>\u00a0<\/h6><div>\u00a0<\/div><div>\u00a0<\/div><div>\u00a0<\/div><div>\u00a0<\/div><div><strong>Tervetuloa Kiihtelyksen kyl\u00e4yhdistys ry:n sivuille!<\/strong><\/div><div>\u00a0<\/div><\/div>\n\t\t\t\t<\/div>\n\t\t\t\t<\/div>\n\t\t\t\t\t\t<\/div>\n\t\t\t\t\t<\/div>\n\t\t<\/div>\n\t\t\t\t<div class=\"elementor-column elementor-col-33 elementor-inner-column elementor-element elementor-element-051d306\" data-id=\"051d306\" data-element_type=\"column\">\n\t\t\t<div class=\"elementor-column-wrap elementor-element-populated\">\n\t\t\t\t\t\t\t<div class=\"elementor-widget-wrap\">\n\t\t\t\t\t\t<div class=\"elementor-element elementor-element-f917ad2 elementor-widget elementor-widget-image\" data-id=\"f917ad2\" data-element_type=\"widget\" data-widget_type=\"image.default\">\n\t\t\t\t<div class=\"elementor-widget-container\">\n\t\t\t\t\t<div class=\"elementor-image\">\n\t\t\t\t\t\t\t\t\t\t<img width=\"768\" height=\"1024\" src=\"https:\/\/www.kiihtelyksenkylayhdistys.fi\/wp-content\/uploads\/2025\/03\/WhatsApp-Image-2025-03-04-at-08.50.52-768x1024.jpeg\" class=\"attachment-large size-large\" alt=\"\" loading=\"lazy\" srcset=\"https:\/\/www.kiihtelyksenkylayhdistys.fi\/wp-content\/uploads\/2025\/03\/WhatsApp-Image-2025-03-04-at-08.50.52-768x1024.jpeg 768w, https:\/\/www.kiihtelyksenkylayhdistys.fi\/wp-content\/uploads\/2025\/03\/WhatsApp-Image-2025-03-04-at-08.50.52-225x300.jpeg 225w, https:\/\/www.kiihtelyksenkylayhdistys.fi\/wp-content\/uploads\/2025\/03\/WhatsApp-Image-2025-03-04-at-08.50.52-1152x1536.jpeg 1152w, https:\/\/www.kiihtelyksenkylayhdistys.fi\/wp-content\/uploads\/2025\/03\/WhatsApp-Image-2025-03-04-at-08.50.52.jpeg 1200w\" sizes=\"(max-width: 768px) 100vw, 768px\" \/>\t\t\t\t\t\t\t\t\t\t\t<\/div>\n\t\t\t\t<\/div>\n\t\t\t\t<\/div>\n\t\t\t\t\t\t<\/div>\n\t\t\t\t\t<\/div>\n\t\t<\/div>\n\t\t\t\t\t\t\t\t<\/div>\n\t\t\t\t\t<\/div>\n\t\t<\/section>\n\t\t\t\t\t\t<\/div>\n\t\t\t\t\t<\/div>\n\t\t<\/div>\n\t\t\t\t\t\t\t\t<\/div>\n\t\t\t\t\t<\/div>\n\t\t<\/section>\n\t\t\t\t<section class=\"elementor-section elementor-top-section elementor-element elementor-element-571087f0 elementor-section-boxed elementor-section-height-default elementor-section-height-default\" data-id=\"571087f0\" data-element_type=\"section\">\n\t\t\t\t\t\t<div class=\"elementor-container elementor-column-gap-default\">\n\t\t\t\t\t\t\t<div class=\"elementor-row\">\n\t\t\t\t\t<div class=\"elementor-column elementor-col-100 elementor-top-column elementor-element elementor-element-6ebb8150\" data-id=\"6ebb8150\" data-element_type=\"column\">\n\t\t\t<div class=\"elementor-column-wrap elementor-element-populated\">\n\t\t\t\t\t\t\t<div class=\"elementor-widget-wrap\">\n\t\t\t\t\t\t<div class=\"elementor-element elementor-element-1dfb4c24 elementor-widget elementor-widget-heading\" data-id=\"1dfb4c24\" data-element_type=\"widget\" data-widget_type=\"heading.default\">\n\t\t\t\t<div class=\"elementor-widget-container\">\n\t\t\t<h3 class=\"elementor-heading-title elementor-size-large\">Ajankohtaista ja tuleva<\/h3>\t\t<\/div>\n\t\t\t\t<\/div>\n\t\t\t\t<div class=\"elementor-element elementor-element-b3b13a8 elementor-widget-divider--view-line elementor-widget elementor-widget-divider\" data-id=\"b3b13a8\" data-element_type=\"widget\" data-widget_type=\"divider.default\">\n\t\t\t\t<div class=\"elementor-widget-container\">\n\t\t\t\t\t<div class=\"elementor-divider\">\n\t\t\t<span class=\"elementor-divider-separator\">\n\t\t\t\t\t\t<\/span>\n\t\t<\/div>\n\t\t\t\t<\/div>\n\t\t\t\t<\/div>\n\t\t\t\t<section class=\"elementor-section elementor-inner-section elementor-element elementor-element-4b827a77 elementor-section-boxed elementor-section-height-default elementor-section-height-default\" data-id=\"4b827a77\" data-element_type=\"section\">\n\t\t\t\t\t\t<div class=\"elementor-container elementor-column-gap-wider\">\n\t\t\t\t\t\t\t<div class=\"elementor-row\">\n\t\t\t\t\t<div class=\"elementor-column elementor-col-50 elementor-inner-column elementor-element elementor-element-1cec4fd7\" data-id=\"1cec4fd7\" data-element_type=\"column\">\n\t\t\t<div class=\"elementor-column-wrap elementor-element-populated\">\n\t\t\t\t\t\t\t<div class=\"elementor-widget-wrap\">\n\t\t\t\t\t\t<div class=\"elementor-element elementor-element-399f70d elementor-widget elementor-widget-text-editor\" data-id=\"399f70d\" data-element_type=\"widget\" data-widget_type=\"text-editor.default\">\n\t\t\t\t<div class=\"elementor-widget-container\">\n\t\t\t\t\t<div class=\"elementor-text-editor elementor-clearfix\"><p>\u00a0<\/p><p><img loading=\"lazy\" class=\"alignright wp-image-972 size-large\" src=\"https:\/\/www.kiihtelyksenkylayhdistys.fi\/wp-content\/uploads\/2026\/03\/WhatsApp-Image-2026-03-21-at-14.47.53-724x1024.jpeg\" alt=\"\" width=\"724\" height=\"1024\" srcset=\"https:\/\/www.kiihtelyksenkylayhdistys.fi\/wp-content\/uploads\/2026\/03\/WhatsApp-Image-2026-03-21-at-14.47.53-724x1024.jpeg 724w, https:\/\/www.kiihtelyksenkylayhdistys.fi\/wp-content\/uploads\/2026\/03\/WhatsApp-Image-2026-03-21-at-14.47.53-212x300.jpeg 212w, https:\/\/www.kiihtelyksenkylayhdistys.fi\/wp-content\/uploads\/2026\/03\/WhatsApp-Image-2026-03-21-at-14.47.53-768x1086.jpeg 768w, https:\/\/www.kiihtelyksenkylayhdistys.fi\/wp-content\/uploads\/2026\/03\/WhatsApp-Image-2026-03-21-at-14.47.53-1086x1536.jpeg 1086w, https:\/\/www.kiihtelyksenkylayhdistys.fi\/wp-content\/uploads\/2026\/03\/WhatsApp-Image-2026-03-21-at-14.47.53.jpeg 1414w\" sizes=\"(max-width: 724px) 100vw, 724px\" \/><\/p><p><strong>Kiihtelysvaaran<\/strong><span style=\"font-weight: bold;\"> kirkon vihki\u00e4iset 1.12.2024.<\/span><\/p><p>Piispa Jari Jolkkonen vihki kirkon k\u00e4ytt\u00f6\u00f6n. Kyl\u00e4n mestaritakoja Veikko Eronen teki kirkkoon l\u00e4hetyskynttelik\u00f6n ja sen lahjoitti Harrastetoimijat<\/p><p><img loading=\"lazy\" src=\"https:\/\/www.kiihtelyksenkylayhdistys.fi\/wp-content\/uploads\/2024\/12\/WhatsApp-Image-2024-12-14-at-06.59.41-2-768x1024.jpeg\" alt=\"\" width=\"768\" height=\"1024\" \/><\/p><div><strong>Tervetuloa Tapaniajelulle Lummelammelle!<\/strong><\/div><div>\u00a0<\/div><div>\u00a0<\/div><p style=\"font-weight: 400;\">\u00a0<\/p><\/div>\n\t\t\t\t<\/div>\n\t\t\t\t<\/div>\n\t\t\t\t<div class=\"elementor-element elementor-element-f58c99a elementor-widget elementor-widget-text-editor\" data-id=\"f58c99a\" data-element_type=\"widget\" data-widget_type=\"text-editor.default\">\n\t\t\t\t<div class=\"elementor-widget-container\">\n\t\t\t\t\t<div class=\"elementor-text-editor elementor-clearfix\"><\/div>\n\t\t\t\t<\/div>\n\t\t\t\t<\/div>\n\t\t\t\t\t\t<\/div>\n\t\t\t\t\t<\/div>\n\t\t<\/div>\n\t\t\t\t<div class=\"elementor-column elementor-col-50 elementor-inner-column elementor-element elementor-element-4252d30\" data-id=\"4252d30\" data-element_type=\"column\">\n\t\t\t<div class=\"elementor-column-wrap elementor-element-populated\">\n\t\t\t\t\t\t\t<div class=\"elementor-widget-wrap\">\n\t\t\t\t\t\t<div class=\"elementor-element elementor-element-97f91f9 elementor-widget elementor-widget-text-editor\" data-id=\"97f91f9\" data-element_type=\"widget\" data-widget_type=\"text-editor.default\">\n\t\t\t\t<div class=\"elementor-widget-container\">\n\t\t\t\t\t<div class=\"elementor-text-editor elementor-clearfix\"><\/div>\n\t\t\t\t<\/div>\n\t\t\t\t<\/div>\n\t\t\t\t<div class=\"elementor-element elementor-element-f2215e3 elementor-widget elementor-widget-text-editor\" data-id=\"f2215e3\" data-element_type=\"widget\" data-widget_type=\"text-editor.default\">\n\t\t\t\t<div class=\"elementor-widget-container\">\n\t\t\t\t\t<div class=\"elementor-text-editor elementor-clearfix\"><p><b>Vuoden kyl\u00e4 2024 \u2013 kunniamaininta Kiihtelyksen kyl\u00e4lle<\/b><\/p><p>Kiihtelysvaara sai kunniamaininnan Pohjois-Karjalan Maakuntaliiton ja P-K:n Kyl\u00e4t ry:n Vuoden kyl\u00e4 2024 kilpailussa.\u00a0 Kunniakirja luovutettiin Kiihelysvaaran Kes\u00e4p\u00e4iv\u00e4 2024 yhteydess\u00e4.\u00a0 Valintaraati totesi perusteluissaan seuraavaa:\u00a0<b><i>\u201d<\/i><\/b><b><i>Kiihtelyksen kyl\u00e4ll\u00e4 on tehty pitk\u00e4j\u00e4nteist\u00e4 ja ansiokasta ty\u00f6t\u00e4 sek\u00e4 isoja \u00a0\u00a0\u00a0\u00a0 hankkeita alueen, kyl\u00e4toiminnan ja kyl\u00e4l\u00e4isten hyv\u00e4ksi. Innovatiivisuus ja kokeileva\u00a0 \u00a0 \u00a0 \u00a0 \u00a0toiminta tukee el\u00e4v\u00e4\u00e4 kyl\u00e4yhteis\u00f6\u00e4. Kyl\u00e4ll\u00e4 on tekemisen meininki sek\u00e4\u00a0 my\u00f6nteinen ilmapiiri\u201d.<\/i><\/b><\/p><p><img loading=\"lazy\" class=\"aligncenter wp-image-854 size-full\" src=\"https:\/\/www.kiihtelyksenkylayhdistys.fi\/wp-content\/uploads\/2024\/09\/WhatsApp-Image-2024-09-09-at-20.42.08.jpeg\" alt=\"\" width=\"1600\" height=\"1200\" srcset=\"https:\/\/www.kiihtelyksenkylayhdistys.fi\/wp-content\/uploads\/2024\/09\/WhatsApp-Image-2024-09-09-at-20.42.08.jpeg 1600w, https:\/\/www.kiihtelyksenkylayhdistys.fi\/wp-content\/uploads\/2024\/09\/WhatsApp-Image-2024-09-09-at-20.42.08-300x225.jpeg 300w, https:\/\/www.kiihtelyksenkylayhdistys.fi\/wp-content\/uploads\/2024\/09\/WhatsApp-Image-2024-09-09-at-20.42.08-1024x768.jpeg 1024w, https:\/\/www.kiihtelyksenkylayhdistys.fi\/wp-content\/uploads\/2024\/09\/WhatsApp-Image-2024-09-09-at-20.42.08-768x576.jpeg 768w, https:\/\/www.kiihtelyksenkylayhdistys.fi\/wp-content\/uploads\/2024\/09\/WhatsApp-Image-2024-09-09-at-20.42.08-1536x1152.jpeg 1536w\" sizes=\"(max-width: 1600px) 100vw, 1600px\" \/><\/p><p><img loading=\"lazy\" class=\"aligncenter wp-image-832 size-full\" src=\"https:\/\/www.kiihtelyksenkylayhdistys.fi\/wp-content\/uploads\/2024\/09\/Valmistuva-kirkko.jpeg\" alt=\"\" width=\"1080\" height=\"1412\" srcset=\"https:\/\/www.kiihtelyksenkylayhdistys.fi\/wp-content\/uploads\/2024\/09\/Valmistuva-kirkko.jpeg 1080w, https:\/\/www.kiihtelyksenkylayhdistys.fi\/wp-content\/uploads\/2024\/09\/Valmistuva-kirkko-229x300.jpeg 229w, https:\/\/www.kiihtelyksenkylayhdistys.fi\/wp-content\/uploads\/2024\/09\/Valmistuva-kirkko-783x1024.jpeg 783w, https:\/\/www.kiihtelyksenkylayhdistys.fi\/wp-content\/uploads\/2024\/09\/Valmistuva-kirkko-768x1004.jpeg 768w\" sizes=\"(max-width: 1080px) 100vw, 1080px\" \/><\/p><p><img loading=\"lazy\" class=\"aligncenter wp-image-836 size-full\" src=\"https:\/\/www.kiihtelyksenkylayhdistys.fi\/wp-content\/uploads\/2024\/09\/Kunniamaininta.jpeg\" alt=\"\" width=\"1390\" height=\"2048\" srcset=\"https:\/\/www.kiihtelyksenkylayhdistys.fi\/wp-content\/uploads\/2024\/09\/Kunniamaininta.jpeg 1390w, https:\/\/www.kiihtelyksenkylayhdistys.fi\/wp-content\/uploads\/2024\/09\/Kunniamaininta-204x300.jpeg 204w, https:\/\/www.kiihtelyksenkylayhdistys.fi\/wp-content\/uploads\/2024\/09\/Kunniamaininta-695x1024.jpeg 695w, https:\/\/www.kiihtelyksenkylayhdistys.fi\/wp-content\/uploads\/2024\/09\/Kunniamaininta-768x1132.jpeg 768w, https:\/\/www.kiihtelyksenkylayhdistys.fi\/wp-content\/uploads\/2024\/09\/Kunniamaininta-1043x1536.jpeg 1043w\" sizes=\"(max-width: 1390px) 100vw, 1390px\" \/><\/p><\/div>\n\t\t\t\t<\/div>\n\t\t\t\t<\/div>\n\t\t\t\t\t\t<\/div>\n\t\t\t\t\t<\/div>\n\t\t<\/div>\n\t\t\t\t\t\t\t\t<\/div>\n\t\t\t\t\t<\/div>\n\t\t<\/section>\n\t\t\t\t\t\t<\/div>\n\t\t\t\t\t<\/div>\n\t\t<\/div>\n\t\t\t\t\t\t\t\t<\/div>\n\t\t\t\t\t<\/div>\n\t\t<\/section>\n\t\t\t\t\t\t<\/div>\n\t\t\t\t\t\t<\/div>\n\t\t\t\t\t<\/div>\n\t\t","protected":false},"excerpt":{"rendered":"<p>Kiihtelyksen kyl\u00e4yhdistys ry Hyv\u00e4\u00e4 vuotta 2025 pit\u00e4j\u00e4l\u00e4isille ja vieraillemme! Seuratkaa Kiihtelyksen kyl\u00e4yhdistyksen sivuja edelleen! Eevin kiitokset 14 vuoden yhteisty\u00f6st\u00e4 kyl\u00e4yhdistyksess\u00e4! \u00a0 \u00a0\u00a0\u00a0\u00a0Tervetuloa Kiihtelyksen kyl\u00e4yhdistys ry:n sivuille!\u00a0 Ajankohtaista ja tuleva \u00a0 Kiihtelysvaaran kirkon vihki\u00e4iset 1.12.2024. Piispa Jari Jolkkonen vihki kirkon k\u00e4ytt\u00f6\u00f6n. Kyl\u00e4n mestaritakoja Veikko Eronen teki kirkkoon l\u00e4hetyskynttelik\u00f6n ja sen lahjoitti Harrastetoimijat Tervetuloa Tapaniajelulle Lummelammelle!\u00a0\u00a0 \u00a0 [&hellip;]<\/p>\n","protected":false},"author":1,"featured_media":316,"parent":0,"menu_order":0,"comment_status":"closed","ping_status":"closed","template":"elementor_header_footer","meta":[],"_links":{"self":[{"href":"https:\/\/www.kiihtelyksenkylayhdistys.fi\/index.php\/wp-json\/wp\/v2\/pages\/10"}],"collection":[{"href":"https:\/\/www.kiihtelyksenkylayhdistys.fi\/index.php\/wp-json\/wp\/v2\/pages"}],"about":[{"href":"https:\/\/www.kiihtelyksenkylayhdistys.fi\/index.php\/wp-json\/wp\/v2\/types\/page"}],"author":[{"embeddable":true,"href":"https:\/\/www.kiihtelyksenkylayhdistys.fi\/index.php\/wp-json\/wp\/v2\/users\/1"}],"replies":[{"embeddable":true,"href":"https:\/\/www.kiihtelyksenkylayhdistys.fi\/index.php\/wp-json\/wp\/v2\/comments?post=10"}],"version-history":[{"count":238,"href":"https:\/\/www.kiihtelyksenkylayhdistys.fi\/index.php\/wp-json\/wp\/v2\/pages\/10\/revisions"}],"predecessor-version":[{"id":975,"href":"https:\/\/www.kiihtelyksenkylayhdistys.fi\/index.php\/wp-json\/wp\/v2\/pages\/10\/revisions\/975"}],"wp:featuredmedia":[{"embeddable":true,"href":"https:\/\/www.kiihtelyksenkylayhdistys.fi\/index.php\/wp-json\/wp\/v2\/media\/316"}],"wp:attachment":[{"href":"https:\/\/www.kiihtelyksenkylayhdistys.fi\/index.php\/wp-json\/wp\/v2\/media?parent=10"}],"curies":[{"name":"wp","href":"https:\/\/api.w.org\/{rel}","templated":true}]}}